{"id":2166,"date":"2025-12-20T07:06:46","date_gmt":"2025-12-20T06:06:46","guid":{"rendered":"https:\/\/sklep.trenujzdomi.pl\/?post_type=product&#038;p=2166"},"modified":"2025-12-20T07:07:49","modified_gmt":"2025-12-20T06:07:49","slug":"foodbook","status":"publish","type":"product","link":"https:\/\/sklep.trenujzdomi.pl\/?product=foodbook","title":{"rendered":"FoodBook"},"content":{"rendered":"","protected":false},"excerpt":{"rendered":"<p>Praktyczny przewodnik z przyk\u0142adowymi posi\u0142kami i wyliczonym zapotrzebowaniem kalorycznym.<\/p>\n<div class=\"feature _60-opacity\">\n<p class=\"semi-bold\">W \u015brodku znajdziesz:<br \/>\n-przyk\u0142adowy plan \u017cywieniowy na 7 dni<br \/>\n-propozycje prostych i smacznych da\u0144<br \/>\n-inspiracje, jak komponowa\u0107 zdrowe posi\u0142ki<br \/>\nIdealny, je\u015bli chcesz zacz\u0105\u0107 je\u015b\u0107 zdrowiej i mie\u0107 gotowe rozwi\u0105zania pod r\u0119k\u0105.<\/p>\n<\/div>\n","protected":false},"featured_media":2167,"template":"","meta":[],"product_brand":[],"product_cat":[16],"product_tag":[],"class_list":{"0":"post-2166","1":"product","2":"type-product","3":"status-publish","4":"has-post-thumbnail","6":"product_cat-bez-kategorii","8":"first","9":"instock","10":"shipping-taxable","11":"purchasable","12":"product-type-simple"},"_links":{"self":[{"href":"https:\/\/sklep.trenujzdomi.pl\/index.php?rest_route=\/wp\/v2\/product\/2166","targetHints":{"allow":["GET"]}}],"collection":[{"href":"https:\/\/sklep.trenujzdomi.pl\/index.php?rest_route=\/wp\/v2\/product"}],"about":[{"href":"https:\/\/sklep.trenujzdomi.pl\/index.php?rest_route=\/wp\/v2\/types\/product"}],"wp:featuredmedia":[{"embeddable":true,"href":"https:\/\/sklep.trenujzdomi.pl\/index.php?rest_route=\/wp\/v2\/media\/2167"}],"wp:attachment":[{"href":"https:\/\/sklep.trenujzdomi.pl\/index.php?rest_route=%2Fwp%2Fv2%2Fmedia&parent=2166"}],"wp:term":[{"taxonomy":"product_brand","embeddable":true,"href":"https:\/\/sklep.trenujzdomi.pl\/index.php?rest_route=%2Fwp%2Fv2%2Fproduct_brand&post=2166"},{"taxonomy":"product_cat","embeddable":true,"href":"https:\/\/sklep.trenujzdomi.pl\/index.php?rest_route=%2Fwp%2Fv2%2Fproduct_cat&post=2166"},{"taxonomy":"product_tag","embeddable":true,"href":"https:\/\/sklep.trenujzdomi.pl\/index.php?rest_route=%2Fwp%2Fv2%2Fproduct_tag&post=2166"}],"curies":[{"name":"wp","href":"https:\/\/api.w.org\/{rel}","templated":true}]}}