{"id":2164,"date":"2025-12-20T07:03:43","date_gmt":"2025-12-20T06:03:43","guid":{"rendered":"https:\/\/sklep.trenujzdomi.pl\/?post_type=product&#038;p=2164"},"modified":"2025-12-20T07:05:55","modified_gmt":"2025-12-20T06:05:55","slug":"plan-treningowy","status":"publish","type":"product","link":"https:\/\/sklep.trenujzdomi.pl\/?product=plan-treningowy","title":{"rendered":"Plan treningowy"},"content":{"rendered":"","protected":false},"excerpt":{"rendered":"<div class=\"feature _60-opacity\">\n<p class=\"semi-bold\">Dla os\u00f3b, kt\u00f3re chc\u0105 \u0107wiczy\u0107 samodzielnie, ale mie\u0107 pewno\u015b\u0107, \u017ce dzia\u0142aj\u0105 w odpowiedni spos\u00f3b.<\/p>\n<div class=\"feature _60-opacity\">\n<p class=\"semi-bold\">Otrzymujesz:<br \/>\n-indywidualny plan dostosowany do Twoich cel\u00f3w, mo\u017cliwo\u015bci i sprz\u0119tu<br \/>\n-szczeg\u00f3\u0142owe instrukcje i filmiki \u0107wicze\u0144<br \/>\n-plan na 4\u20136 tygodni pracy<br \/>\nIdealne rozwi\u0105zanie, je\u015bli potrzebujesz profesjonalnego planu bez sta\u0142ej opieki.<\/p>\n<\/div>\n<\/div>\n","protected":false},"featured_media":2165,"template":"","meta":[],"product_brand":[],"product_cat":[16],"product_tag":[],"class_list":{"0":"post-2164","1":"product","2":"type-product","3":"status-publish","4":"has-post-thumbnail","6":"product_cat-bez-kategorii","8":"first","9":"instock","10":"shipping-taxable","11":"purchasable","12":"product-type-simple"},"_links":{"self":[{"href":"https:\/\/sklep.trenujzdomi.pl\/index.php?rest_route=\/wp\/v2\/product\/2164","targetHints":{"allow":["GET"]}}],"collection":[{"href":"https:\/\/sklep.trenujzdomi.pl\/index.php?rest_route=\/wp\/v2\/product"}],"about":[{"href":"https:\/\/sklep.trenujzdomi.pl\/index.php?rest_route=\/wp\/v2\/types\/product"}],"wp:featuredmedia":[{"embeddable":true,"href":"https:\/\/sklep.trenujzdomi.pl\/index.php?rest_route=\/wp\/v2\/media\/2165"}],"wp:attachment":[{"href":"https:\/\/sklep.trenujzdomi.pl\/index.php?rest_route=%2Fwp%2Fv2%2Fmedia&parent=2164"}],"wp:term":[{"taxonomy":"product_brand","embeddable":true,"href":"https:\/\/sklep.trenujzdomi.pl\/index.php?rest_route=%2Fwp%2Fv2%2Fproduct_brand&post=2164"},{"taxonomy":"product_cat","embeddable":true,"href":"https:\/\/sklep.trenujzdomi.pl\/index.php?rest_route=%2Fwp%2Fv2%2Fproduct_cat&post=2164"},{"taxonomy":"product_tag","embeddable":true,"href":"https:\/\/sklep.trenujzdomi.pl\/index.php?rest_route=%2Fwp%2Fv2%2Fproduct_tag&post=2164"}],"curies":[{"name":"wp","href":"https:\/\/api.w.org\/{rel}","templated":true}]}}