{"id":2142,"date":"2025-12-20T06:48:10","date_gmt":"2025-12-20T05:48:10","guid":{"rendered":"https:\/\/sklep.trenujzdomi.pl\/?post_type=product&#038;p=2142"},"modified":"2025-12-20T06:48:10","modified_gmt":"2025-12-20T05:48:10","slug":"treningi-personalne-konsultacja-treningowa","status":"publish","type":"product","link":"https:\/\/sklep.trenujzdomi.pl\/?product=treningi-personalne-konsultacja-treningowa","title":{"rendered":"Treningi personalne (konsultacja treningowa)"},"content":{"rendered":"","protected":false},"excerpt":{"rendered":"<div class=\"feature _60-opacity\">\n<p class=\"semi-bold\">Pierwsze spotkanie, na kt\u00f3rym:<br \/>\n-wykonamy analiz\u0119 sk\u0142adu cia\u0142a<br \/>\n-poznam Twoje cele i mo\u017cliwo\u015bci<br \/>\n-zrobimy testy funkcjonalne<br \/>\n-przeprowadzimy mini trening<\/p>\n<p>Solidny start, dzi\u0119ki kt\u00f3remu przygotuj\u0119 dla Ciebie najlepszy plan dzia\u0142ania.<\/p>\n<\/div>\n","protected":false},"featured_media":2143,"template":"","meta":[],"product_brand":[],"product_cat":[16],"product_tag":[],"class_list":{"0":"post-2142","1":"product","2":"type-product","3":"status-publish","4":"has-post-thumbnail","6":"product_cat-bez-kategorii","8":"first","9":"instock","10":"shipping-taxable","11":"purchasable","12":"product-type-simple"},"_links":{"self":[{"href":"https:\/\/sklep.trenujzdomi.pl\/index.php?rest_route=\/wp\/v2\/product\/2142","targetHints":{"allow":["GET"]}}],"collection":[{"href":"https:\/\/sklep.trenujzdomi.pl\/index.php?rest_route=\/wp\/v2\/product"}],"about":[{"href":"https:\/\/sklep.trenujzdomi.pl\/index.php?rest_route=\/wp\/v2\/types\/product"}],"wp:featuredmedia":[{"embeddable":true,"href":"https:\/\/sklep.trenujzdomi.pl\/index.php?rest_route=\/wp\/v2\/media\/2143"}],"wp:attachment":[{"href":"https:\/\/sklep.trenujzdomi.pl\/index.php?rest_route=%2Fwp%2Fv2%2Fmedia&parent=2142"}],"wp:term":[{"taxonomy":"product_brand","embeddable":true,"href":"https:\/\/sklep.trenujzdomi.pl\/index.php?rest_route=%2Fwp%2Fv2%2Fproduct_brand&post=2142"},{"taxonomy":"product_cat","embeddable":true,"href":"https:\/\/sklep.trenujzdomi.pl\/index.php?rest_route=%2Fwp%2Fv2%2Fproduct_cat&post=2142"},{"taxonomy":"product_tag","embeddable":true,"href":"https:\/\/sklep.trenujzdomi.pl\/index.php?rest_route=%2Fwp%2Fv2%2Fproduct_tag&post=2142"}],"curies":[{"name":"wp","href":"https:\/\/api.w.org\/{rel}","templated":true}]}}